{"id":329,"date":"2019-04-04T06:41:59","date_gmt":"2019-04-04T06:41:59","guid":{"rendered":"https:\/\/victorthemes.com\/themes\/windfall\/?page_id=329"},"modified":"2023-01-12T18:55:37","modified_gmt":"2023-01-12T18:55:37","slug":"about-us","status":"publish","type":"page","link":"https:\/\/electricien-78-services.fr\/?page_id=329","title":{"rendered":"\u00c9lectricien Paris &#8211; D\u00e9pannage \u00c9lectrique"},"content":{"rendered":"\t\t<div data-elementor-type=\"wp-post\" data-elementor-id=\"329\" class=\"elementor elementor-329\">\n\t\t\t\t\t\t\t\t\t<section class=\"elementor-section elementor-top-section elementor-element elementor-element-9937da2 elementor-section-full_width elementor-section-height-default elementor-section-height-default\" data-id=\"9937da2\" data-element_type=\"section\">\n\t\t\t\t\t\t<div class=\"elementor-container elementor-column-gap-default\">\n\t\t\t\t\t<div class=\"elementor-column elementor-col-50 elementor-top-column elementor-element elementor-element-dc43839\" data-id=\"dc43839\" data-element_type=\"column\">\n\t\t\t<div class=\"elementor-widget-wrap elementor-element-populated\">\n\t\t\t\t\t\t\t\t<div class=\"elementor-element elementor-element-685d854 elementor-widget elementor-widget-image\" data-id=\"685d854\" data-element_type=\"widget\" data-widget_type=\"image.default\">\n\t\t\t\t<div class=\"elementor-widget-container\">\n\t\t\t<style>\/*! elementor - v3.13.3 - 28-05-2023 *\/\n.elementor-widget-image{text-align:center}.elementor-widget-image a{display:inline-block}.elementor-widget-image a img[src$=\".svg\"]{width:48px}.elementor-widget-image img{vertical-align:middle;display:inline-block}<\/style>\t\t\t\t\t\t\t\t\t\t\t\t<img loading=\"lazy\" decoding=\"async\" width=\"828\" height=\"490\" src=\"https:\/\/electricien-78-services.fr\/wp-content\/uploads\/2019\/04\/blog7.png\" class=\"attachment-large size-large wp-image-114\" alt=\"\" srcset=\"https:\/\/electricien-78-services.fr\/wp-content\/uploads\/2019\/04\/blog7.png 828w, https:\/\/electricien-78-services.fr\/wp-content\/uploads\/2019\/04\/blog7-300x178.png 300w, https:\/\/electricien-78-services.fr\/wp-content\/uploads\/2019\/04\/blog7-600x355.png 600w, https:\/\/electricien-78-services.fr\/wp-content\/uploads\/2019\/04\/blog7-768x454.png 768w\" sizes=\"auto, (max-width: 828px) 100vw, 828px\" \/>\t\t\t\t\t\t\t\t\t\t\t\t\t\t\t<\/div>\n\t\t\t\t<\/div>\n\t\t\t\t\t<\/div>\n\t\t<\/div>\n\t\t\t\t<div class=\"elementor-column elementor-col-50 elementor-top-column elementor-element elementor-element-530b525\" data-id=\"530b525\" data-element_type=\"column\">\n\t\t\t<div class=\"elementor-widget-wrap elementor-element-populated\">\n\t\t\t\t\t\t\t\t<div class=\"elementor-element elementor-element-9d79480 elementor-widget elementor-widget-heading\" data-id=\"9d79480\" data-element_type=\"widget\" data-widget_type=\"heading.default\">\n\t\t\t\t<div class=\"elementor-widget-container\">\n\t\t\t<style>\/*! elementor - v3.13.3 - 28-05-2023 *\/\n.elementor-heading-title{padding:0;margin:0;line-height:1}.elementor-widget-heading .elementor-heading-title[class*=elementor-size-]>a{color:inherit;font-size:inherit;line-height:inherit}.elementor-widget-heading .elementor-heading-title.elementor-size-small{font-size:15px}.elementor-widget-heading .elementor-heading-title.elementor-size-medium{font-size:19px}.elementor-widget-heading .elementor-heading-title.elementor-size-large{font-size:29px}.elementor-widget-heading .elementor-heading-title.elementor-size-xl{font-size:39px}.elementor-widget-heading .elementor-heading-title.elementor-size-xxl{font-size:59px}<\/style><h2 class=\"elementor-heading-title elementor-size-default\">\u00c9lectricien Paris service<\/h2>\t\t<\/div>\n\t\t\t\t<\/div>\n\t\t\t\t<div class=\"elementor-element elementor-element-1af578e elementor-widget elementor-widget-heading\" data-id=\"1af578e\" data-element_type=\"widget\" data-widget_type=\"heading.default\">\n\t\t\t\t<div class=\"elementor-widget-container\">\n\t\t\t<p class=\"elementor-heading-title elementor-size-default\">\u201c \u00c9lectricien Paris Service  est une entreprise sp\u00e9cialis\u00e9e en g\u00e9nie \u00e9lectrique, offrant une large gamme de services allant de l'installation de cam\u00e9ras de s\u00e9curit\u00e9 aux travaux d'\u00e9lectricit\u00e9 g\u00e9n\u00e9rale. \u201d<\/p>\t\t<\/div>\n\t\t\t\t<\/div>\n\t\t\t\t<div class=\"elementor-element elementor-element-a21cb89 elementor-widget elementor-widget-text-editor\" data-id=\"a21cb89\" data-element_type=\"widget\" data-widget_type=\"text-editor.default\">\n\t\t\t\t<div class=\"elementor-widget-container\">\n\t\t\t<style>\/*! elementor - v3.13.3 - 28-05-2023 *\/\n.elementor-widget-text-editor.elementor-drop-cap-view-stacked .elementor-drop-cap{background-color:#69727d;color:#fff}.elementor-widget-text-editor.elementor-drop-cap-view-framed .elementor-drop-cap{color:#69727d;border:3px solid;background-color:transparent}.elementor-widget-text-editor:not(.elementor-drop-cap-view-default) .elementor-drop-cap{margin-top:8px}.elementor-widget-text-editor:not(.elementor-drop-cap-view-default) .elementor-drop-cap-letter{width:1em;height:1em}.elementor-widget-text-editor .elementor-drop-cap{float:left;text-align:center;line-height:1;font-size:50px}.elementor-widget-text-editor .elementor-drop-cap-letter{display:inline-block}<\/style>\t\t\t\t<p>Notre \u00e9quipe est compos\u00e9e d&rsquo;\u00e9lectriciens qualifi\u00e9s et notre philosophie est de fournir des services de niveau expert aux zones r\u00e9sidentielles et commerciales de Paris.<\/p>\t\t\t\t\t\t<\/div>\n\t\t\t\t<\/div>\n\t\t\t\t\t<\/div>\n\t\t<\/div>\n\t\t\t\t\t\t\t<\/div>\n\t\t<\/section>\n\t\t\t\t<section class=\"elementor-section elementor-top-section elementor-element elementor-element-4f2bcb2 elementor-section-stretched elementor-section-full_width elementor-section-height-default elementor-section-height-default\" data-id=\"4f2bcb2\" data-element_type=\"section\" data-settings=\"{&quot;stretch_section&quot;:&quot;section-stretched&quot;,&quot;background_background&quot;:&quot;classic&quot;}\">\n\t\t\t\t\t\t<div class=\"elementor-container elementor-column-gap-default\">\n\t\t\t\t\t<div class=\"elementor-column elementor-col-100 elementor-top-column elementor-element elementor-element-e83ae5e\" data-id=\"e83ae5e\" data-element_type=\"column\">\n\t\t\t<div class=\"elementor-widget-wrap elementor-element-populated\">\n\t\t\t\t\t\t\t\t<div class=\"elementor-element elementor-element-480e55d elementor-widget elementor-widget-vt-windfall_features\" data-id=\"480e55d\" data-element_type=\"widget\" data-settings=\"{&quot;features_align&quot;:&quot;center&quot;}\" data-widget_type=\"vt-windfall_features.default\">\n\t\t\t\t<div class=\"elementor-widget-container\">\n\t\t\t<div class=\"wndfal-features center-align\"><div class=\"container\"><div class=\"row\"><div class=\"col-lg-3 col-md-6\">\r\n\t\t\t\t\t\t\t        <div class=\"feature-item\">\r\n\t\t\t\t\t\t\t           <div class=\"wndfal-icon\"><i class=\"ti-timer\" aria-hidden=\"true\"><\/i><\/div>\r\n\t\t\t\t\t\t\t          <h3 class=\"feature-title\"><a href=\"#0\"  >Disponibilit\u00e9 24h et 7j\/7<\/a><\/h3><p>D\u00e9pannage dans l'heure et installation d'\u00e9quipement \u00e9lectrique rapide selon le planning de la semaine <\/p>\r\n\t\t\t\t\t\t\t        <\/div>\r\n\t\t\t\t\t\t\t      <\/div><div class=\"col-lg-3 col-md-6\">\r\n\t\t\t\t\t\t\t        <div class=\"feature-item\">\r\n\t\t\t\t\t\t\t           <div class=\"wndfal-icon\"><i class=\"fa fa-euro\" aria-hidden=\"true\"><\/i><\/div>\r\n\t\t\t\t\t\t\t          <h3 class=\"feature-title\"><a href=\"#0\"  >Des Prix \u200b\u200babordable<\/a><\/h3><p>Tous nos services \u00e9lectriques sont disponibles \u00e0 des prix abordables sans jamais payer de montant suppl\u00e9mentaire apr\u00e8s les services.<\/p>\r\n\t\t\t\t\t\t\t        <\/div>\r\n\t\t\t\t\t\t\t      <\/div><div class=\"col-lg-3 col-md-6\">\r\n\t\t\t\t\t\t\t        <div class=\"feature-item\">\r\n\t\t\t\t\t\t\t           <div class=\"wndfal-icon\"><i class=\"ti-receipt\" aria-hidden=\"true\"><\/i><\/div>\r\n\t\t\t\t\t\t\t          <h3 class=\"feature-title\"><a href=\"#0\"  >\u00c9lectriciens Dipl\u00f4m\u00e9s <\/a><\/h3><p>R\u00e9seau de professionnels qualifi\u00e9s, recrut\u00e9s selon des crit\u00e8res stricts pour intervenir sur tous types de chantier en neuf ou r\u00e9novation.<\/p>\r\n\t\t\t\t\t\t\t        <\/div>\r\n\t\t\t\t\t\t\t      <\/div><div class=\"col-lg-3 col-md-6\">\r\n\t\t\t\t\t\t\t        <div class=\"feature-item\">\r\n\t\t\t\t\t\t\t           <div class=\"wndfal-icon\"><i class=\"ti-bar-chart\" aria-hidden=\"true\"><\/i><\/div>\r\n\t\t\t\t\t\t\t          <h3 class=\"feature-title\"><a href=\"#0\"  >Devis gratuit<\/a><\/h3><p>Pour toutes interventions \u00e9lectrique le devis et le d\u00e9placement sont gratuits <\/p>\r\n\t\t\t\t\t\t\t        <\/div>\r\n\t\t\t\t\t\t\t      <\/div><\/div><\/div><\/div>\t\t<\/div>\n\t\t\t\t<\/div>\n\t\t\t\t\t<\/div>\n\t\t<\/div>\n\t\t\t\t\t\t\t<\/div>\n\t\t<\/section>\n\t\t\t\t<section class=\"elementor-section elementor-top-section elementor-element elementor-element-aea3eef elementor-section-stretched elementor-section-full_width elementor-section-height-default elementor-section-height-default\" data-id=\"aea3eef\" data-element_type=\"section\" data-settings=\"{&quot;stretch_section&quot;:&quot;section-stretched&quot;}\">\n\t\t\t\t\t\t<div class=\"elementor-container elementor-column-gap-default\">\n\t\t\t\t\t<div class=\"elementor-column elementor-col-100 elementor-top-column elementor-element elementor-element-ea8cf11\" data-id=\"ea8cf11\" data-element_type=\"column\">\n\t\t\t<div class=\"elementor-widget-wrap\">\n\t\t\t\t\t\t\t\t\t<\/div>\n\t\t<\/div>\n\t\t\t\t\t\t\t<\/div>\n\t\t<\/section>\n\t\t\t\t<section class=\"elementor-section elementor-top-section elementor-element elementor-element-f140726 elementor-section-stretched elementor-section-full_width elementor-section-height-default elementor-section-height-default\" data-id=\"f140726\" data-element_type=\"section\" data-settings=\"{&quot;stretch_section&quot;:&quot;section-stretched&quot;,&quot;background_background&quot;:&quot;classic&quot;}\">\n\t\t\t\t\t\t<div class=\"elementor-container elementor-column-gap-default\">\n\t\t\t\t\t<div class=\"elementor-column elementor-col-100 elementor-top-column elementor-element elementor-element-368715f\" data-id=\"368715f\" data-element_type=\"column\">\n\t\t\t<div class=\"elementor-widget-wrap elementor-element-populated\">\n\t\t\t\t\t\t\t\t<div class=\"elementor-element elementor-element-af6918d elementor-widget elementor-widget-vt-windfall_client\" data-id=\"af6918d\" data-element_type=\"widget\" data-widget_type=\"vt-windfall_client.default\">\n\t\t\t\t<div class=\"elementor-widget-container\">\n\t\t\t<div class=\"wndfal-partners\">\r\n\t\t\t\t\t\t\t  <div class=\"container\">\r\n\t\t\t\t\t\t\t    <h4 class=\"partners-title\">Trusted Partners<\/h4>\r\n\t\t\t\t\t\t\t    <div class=\"owl-carousel\"  data-loop=\"true\" data-items=\"5\" data-margin=\"30\" data-dots=\"false\" data-nav=\"false\" data-autoplay-timeout=\"5000\" data-mouse-drag=\"true\" data-items-tablet=\"3\" data-items-mobile-landscape=\"2\" data-items-mobile-portrait=\"1\" data-rtl=\"false\"><div class=\"item\"><div class=\"partner-item\"><div class=\"wndfal-image\"><span><img decoding=\"async\" src=\"https:\/\/electricien-78-services.fr\/wp-content\/uploads\/2019\/04\/client-logo-10.png\" alt=\"\" style=\"width: 122px; height: 60px;\"><\/span><\/div><\/div><\/div><div class=\"item\"><div class=\"partner-item\"><div class=\"wndfal-image\"><span><img decoding=\"async\" src=\"https:\/\/electricien-78-services.fr\/wp-content\/uploads\/2019\/04\/client-logo-10.png\" alt=\"\" style=\"width: 122px; height: 60px;\"><\/span><\/div><\/div><\/div><div class=\"item\"><div class=\"partner-item\"><div class=\"wndfal-image\"><span><img decoding=\"async\" src=\"https:\/\/electricien-78-services.fr\/wp-content\/uploads\/2019\/04\/client-logo-10.png\" alt=\"\" style=\"width: 122px; height: 60px;\"><\/span><\/div><\/div><\/div><div class=\"item\"><div class=\"partner-item\"><div class=\"wndfal-image\"><span><img decoding=\"async\" src=\"https:\/\/electricien-78-services.fr\/wp-content\/uploads\/2019\/04\/client-logo-10.png\" alt=\"\" style=\"width: 122px; height: 60px;\"><\/span><\/div><\/div><\/div><div class=\"item\"><div class=\"partner-item\"><div class=\"wndfal-image\"><span><img decoding=\"async\" src=\"https:\/\/electricien-78-services.fr\/wp-content\/uploads\/2019\/04\/client-logo-10.png\" alt=\"\" style=\"width: 122px; height: 60px;\"><\/span><\/div><\/div><\/div><\/div><\/div><\/div>\t\t<\/div>\n\t\t\t\t<\/div>\n\t\t\t\t\t<\/div>\n\t\t<\/div>\n\t\t\t\t\t\t\t<\/div>\n\t\t<\/section>\n\t\t\t\t\t\t\t<\/div>\n\t\t","protected":false},"excerpt":{"rendered":"\u00c9lectricien Paris service \u201c \u00c9lectricien Paris Service est une entreprise sp\u00e9cialis\u00e9e en g\u00e9nie \u00e9lectrique, offrant une large gamme de services allant de l&rsquo;installation de cam\u00e9ras de s\u00e9curit\u00e9 aux travaux d&rsquo;\u00e9lectricit\u00e9 g\u00e9n\u00e9rale. \u201d Notre \u00e9quipe est compos\u00e9e d&rsquo;\u00e9lectriciens qualifi\u00e9s et notre philosophie est de fournir des services de niveau expert aux zones r\u00e9sidentielles et commerciales de&#8230;","protected":false},"author":1,"featured_media":0,"parent":0,"menu_order":0,"comment_status":"closed","ping_status":"closed","template":"","meta":{"_mi_skip_tracking":false,"_monsterinsights_sitenote_active":false,"_monsterinsights_sitenote_note":"","_monsterinsights_sitenote_category":0,"footnotes":""},"class_list":["post-329","page","type-page","status-publish","hentry"],"aioseo_notices":[],"_links":{"self":[{"href":"https:\/\/electricien-78-services.fr\/index.php?rest_route=\/wp\/v2\/pages\/329","targetHints":{"allow":["GET"]}}],"collection":[{"href":"https:\/\/electricien-78-services.fr\/index.php?rest_route=\/wp\/v2\/pages"}],"about":[{"href":"https:\/\/electricien-78-services.fr\/index.php?rest_route=\/wp\/v2\/types\/page"}],"author":[{"embeddable":true,"href":"https:\/\/electricien-78-services.fr\/index.php?rest_route=\/wp\/v2\/users\/1"}],"replies":[{"embeddable":true,"href":"https:\/\/electricien-78-services.fr\/index.php?rest_route=%2Fwp%2Fv2%2Fcomments&post=329"}],"version-history":[{"count":10,"href":"https:\/\/electricien-78-services.fr\/index.php?rest_route=\/wp\/v2\/pages\/329\/revisions"}],"predecessor-version":[{"id":1383,"href":"https:\/\/electricien-78-services.fr\/index.php?rest_route=\/wp\/v2\/pages\/329\/revisions\/1383"}],"wp:attachment":[{"href":"https:\/\/electricien-78-services.fr\/index.php?rest_route=%2Fwp%2Fv2%2Fmedia&parent=329"}],"curies":[{"name":"wp","href":"https:\/\/api.w.org\/{rel}","templated":true}]}}